{"id":279,"date":"2019-10-08T02:10:03","date_gmt":"2019-10-08T05:10:03","guid":{"rendered":"http:\/\/homolsocial.educate.global\/?page_id=279"},"modified":"2019-10-08T02:10:32","modified_gmt":"2019-10-08T05:10:32","slug":"site-map","status":"publish","type":"page","link":"https:\/\/social.educate.global\/en\/site-map\/","title":{"rendered":"Site map"},"content":{"rendered":"<ul>\n<li>\n<h3>Conte\u00fado<\/h3>\n<\/li>\n<li><a href=\"\/\">Social<\/a><\/li>\n<li><a href=\"\/notifications\/\">Notifica\u00e7\u00f5es<\/a><\/li>\n<li><a href=\"https:\/\/www.moderna.com.br\/simulador-de-testes\/pt\/\">\u00c1rea de Estudo<\/a><\/li>\n<li><a href=\"\/glossary\/\">Meu Gloss\u00e1rio<\/a><\/li>\n<\/ul>\n<ul>\n<li>\n<h3>Institucional<\/h3>\n<\/li>\n<li><a href=\"\/contato\/\">Contato<\/a><\/li>\n<li><a href=\"\/ajuda\/\">Ajuda<\/a><\/li>\n<\/ul>\n<ul>\n<li>\n<h3>Acesso ao site<\/h3>\n<\/li>\n<li><a href=\"https:\/\/www.richmond.com.br\/login-richmond\/login.htm?rURL=http:\/\/richmondmakers.com\">Entrar\/Cadastrar<\/a><\/li>\n<li><a href=\"https:\/\/www.richmond.com.br\/minha-conta\/?rURL=http:\/\/richmondmakers.com\">Minha Conta<\/a><\/li>\n<li><a href=\"\/wp-login.php?action=logout&amp;redirect_to=http%3A%2F%2Frichmondmakers.espiralinterativa.com\">Sair<\/a><\/li>\n<\/ul>\n<ul>\n<li>\n<h3>Links de Acessibilidade<\/h3>\n<\/li>\n<li><a href=\"\/acessibilidade\/\">Acessibilidade<\/a><\/li>\n<li><a href=\"\/mapa-do-site\">Mapa do site<\/a><\/li>\n<\/ul>\n<ul>\n<li>\n<h3>Redes Sociais<\/h3>\n<\/li>\n<li><a href=\"https:\/\/www.instagram.com\/richmondbrasil\/\">Instagram<\/a><\/li>\n<li><a href=\"https:\/\/www.facebook.com\/Richmond.Br\/\">Facebook<\/a><\/li>\n<li><a href=\"https:\/\/www.youtube.com\/user\/RichmondBrasil\/\">Youtube<\/a><\/li>\n<li><a href=\"https:\/\/twitter.com\/RichmondBrasil\">Twitter<\/a><\/li>\n<\/ul>\n","protected":false},"excerpt":{"rendered":"<p>Conte\u00fado Social Notifica\u00e7\u00f5es \u00c1rea de Estudo Meu Gloss\u00e1rio Institucional Contato Ajuda Acesso ao site Entrar\/Cadastrar Minha Conta Sair Links de Acessibilidade Acessibilidade Mapa do site Redes Sociais Instagram Facebook Youtube Twitter<\/p>\n","protected":false},"author":1605,"featured_media":0,"parent":0,"menu_order":0,"comment_status":"closed","ping_status":"closed","template":"","meta":{"footnotes":""},"acf":[],"_links":{"self":[{"href":"https:\/\/social.educate.global\/en\/wp-json\/wp\/v2\/pages\/279"}],"collection":[{"href":"https:\/\/social.educate.global\/en\/wp-json\/wp\/v2\/pages"}],"about":[{"href":"https:\/\/social.educate.global\/en\/wp-json\/wp\/v2\/types\/page"}],"author":[{"embeddable":true,"href":"https:\/\/social.educate.global\/en\/wp-json\/wp\/v2\/users\/1605"}],"replies":[{"embeddable":true,"href":"https:\/\/social.educate.global\/en\/wp-json\/wp\/v2\/comments?post=279"}],"version-history":[{"count":2,"href":"https:\/\/social.educate.global\/en\/wp-json\/wp\/v2\/pages\/279\/revisions"}],"predecessor-version":[{"id":281,"href":"https:\/\/social.educate.global\/en\/wp-json\/wp\/v2\/pages\/279\/revisions\/281"}],"wp:attachment":[{"href":"https:\/\/social.educate.global\/en\/wp-json\/wp\/v2\/media?parent=279"}],"curies":[{"name":"wp","href":"https:\/\/api.w.org\/{rel}","templated":true}]}}